{"id":43,"date":"2013-01-21T10:15:56","date_gmt":"2013-01-21T09:15:56","guid":{"rendered":"http:\/\/stratejeux.crocpom.fr\/newstratejeux\/?page_id=43"},"modified":"2022-03-26T19:16:39","modified_gmt":"2022-03-26T18:16:39","slug":"informations-pratiques","status":"publish","type":"page","link":"https:\/\/stratejeux.crocpom.fr\/?page_id=43","title":{"rendered":"Informations Pratiques"},"content":{"rendered":"<p>Stratejeux est une association loi 1901, dont le but est de promouvoir le jeu de soci\u00e9t\u00e9. Chaque vendredi, l&rsquo;association organise des rencontres ludiques permettant aux joueurs de se rejoindre et de jouer.<\/p>\n<p>Ces rencontres sont organis\u00e9es au centre d&rsquo;<strong>Accueil de loisirs Ren\u00e9 Peltier &#8211; 110B, avenue \u00c9douard Herriot \u00e0 Troyes<\/strong>.<\/p>\n<p><a href=\"http:\/\/stratejeux.crocpom.fr\/?attachment_id=1983\" rel=\"attachment wp-att-40\"><img loading=\"lazy\" decoding=\"async\" class=\"alignnone wp-image-1983 size-full\" src=\"http:\/\/stratejeux.crocpom.fr\/wp-content\/uploads\/2022\/03\/espace_peltier.jpg\" alt=\"\" width=\"540\" height=\"315\" srcset=\"https:\/\/stratejeux.crocpom.fr\/wp-content\/uploads\/2022\/03\/espace_peltier.jpg 540w, https:\/\/stratejeux.crocpom.fr\/wp-content\/uploads\/2022\/03\/espace_peltier-300x175.jpg 300w\" sizes=\"auto, (max-width: 540px) 100vw, 540px\" \/><\/a><br \/>\nPour de plus amples informations : <a href=\"mailto:stratejeuxtroyes@gmail.com\">stratejeuxtroyes@gmail.com<\/a>.<\/p>\n<p><a href=\"http:\/\/stratejeux.crocpom.fr\/?attachment_id=1985\" rel=\"attachment wp-att-47\"><img loading=\"lazy\" decoding=\"async\" class=\"alignnone wp-image-1985 size-full\" src=\"http:\/\/stratejeux.crocpom.fr\/wp-content\/uploads\/2022\/03\/espace_peltier2.jpg\" alt=\"\" width=\"455\" height=\"332\" srcset=\"https:\/\/stratejeux.crocpom.fr\/wp-content\/uploads\/2022\/03\/espace_peltier2.jpg 455w, https:\/\/stratejeux.crocpom.fr\/wp-content\/uploads\/2022\/03\/espace_peltier2-300x219.jpg 300w\" sizes=\"auto, (max-width: 455px) 100vw, 455px\" \/><\/a><br \/>\nCes s\u00e9ance d\u00e9butent en g\u00e9n\u00e9ral vers 20:30. L&rsquo;association poss\u00e8de plus de 80 jeux, et certains habitu\u00e9s am\u00e8nent r\u00e9guli\u00e8rement des nouveaut\u00e9s et d&rsquo;autres jeux que l&rsquo;association ne poss\u00e8de pas.<br \/>\nN&rsquo;h\u00e9sitez donc pas \u00e0 utiliser l&rsquo;adresse mail \u00ab <a href=\"mailto:stratejeuxtroyes@gmail.com\">stratejeuxtroyes@gmail.com<\/a> \u00bb ou la rubrique \u00ab <a href=\"http:\/\/stratejeux.crocpom.fr\/newstratejeux\/?page_id=4\"> nous contacter <\/a> \u00bb afin d&rsquo;obtenir de plus amples informations.<\/p>\n","protected":false},"excerpt":{"rendered":"<p>Stratejeux est une association loi 1901, dont le but est de promouvoir le jeu de soci\u00e9t\u00e9. Chaque vendredi, l&rsquo;association organise des rencontres ludiques permettant aux joueurs de se rejoindre et de jouer. Ces rencontres sont organis\u00e9es au centre d&rsquo;Accueil de loisirs Ren\u00e9 Peltier &#8211; 110B, avenue \u00c9douard Herriot \u00e0 Troyes. Pour de plus amples informations [&hellip;]<\/p>\n","protected":false},"author":1,"featured_media":0,"parent":0,"menu_order":0,"comment_status":"closed","ping_status":"open","template":"","meta":{"footnotes":""},"class_list":["post-43","page","type-page","status-publish","hentry"],"_links":{"self":[{"href":"https:\/\/stratejeux.crocpom.fr\/index.php?rest_route=\/wp\/v2\/pages\/43","targetHints":{"allow":["GET"]}}],"collection":[{"href":"https:\/\/stratejeux.crocpom.fr\/index.php?rest_route=\/wp\/v2\/pages"}],"about":[{"href":"https:\/\/stratejeux.crocpom.fr\/index.php?rest_route=\/wp\/v2\/types\/page"}],"author":[{"embeddable":true,"href":"https:\/\/stratejeux.crocpom.fr\/index.php?rest_route=\/wp\/v2\/users\/1"}],"replies":[{"embeddable":true,"href":"https:\/\/stratejeux.crocpom.fr\/index.php?rest_route=%2Fwp%2Fv2%2Fcomments&post=43"}],"version-history":[{"count":14,"href":"https:\/\/stratejeux.crocpom.fr\/index.php?rest_route=\/wp\/v2\/pages\/43\/revisions"}],"predecessor-version":[{"id":1986,"href":"https:\/\/stratejeux.crocpom.fr\/index.php?rest_route=\/wp\/v2\/pages\/43\/revisions\/1986"}],"wp:attachment":[{"href":"https:\/\/stratejeux.crocpom.fr\/index.php?rest_route=%2Fwp%2Fv2%2Fmedia&parent=43"}],"curies":[{"name":"wp","href":"https:\/\/api.w.org\/{rel}","templated":true}]}}